{"id":516,"date":"2024-09-04T18:04:22","date_gmt":"2024-09-04T18:04:22","guid":{"rendered":"https:\/\/museambiente.com.ar\/?page_id=516"},"modified":"2024-09-10T14:52:53","modified_gmt":"2024-09-10T14:52:53","slug":"carteles-gastronomicos","status":"publish","type":"page","link":"https:\/\/museambiente.com.ar\/?page_id=516","title":{"rendered":"Carteles Gastron\u00f3micos"},"content":{"rendered":"<p>[et_pb_section fb_built=\u00bb1&#8243; admin_label=\u00bbHeader\u00bb _builder_version=\u00bb4.27.0&#8243; use_background_color_gradient=\u00bbon\u00bb background_color_gradient_direction=\u00bb146deg\u00bb background_color_gradient_stops=\u00bb#ffffff 0%|rgba(255,255,255,0.61) 100%\u00bb background_color_gradient_overlays_image=\u00bbon\u00bb background_color_gradient_start=\u00bb#ffffff\u00bb background_color_gradient_end=\u00bbrgba(255,255,255,0.61)\u00bb background_image=\u00bbhttp:\/\/museambiente.com.ar\/wp-content\/uploads\/2024\/09\/Carteles-gastronomicos-Header.webp\u00bb max_width=\u00bb90%\u00bb custom_padding=\u00bb8vw||8vw|10vw|true|false\u00bb hover_enabled=\u00bb0&#8243; box_shadow_style=\u00bbpreset4&#8243; box_shadow_horizontal=\u00bb30vw\u00bb box_shadow_vertical=\u00bb-15vw\u00bb box_shadow_color=\u00bbgcid-f849286b-1601-4cf8-83e9-1e9006a21171&#8243; locked=\u00bboff\u00bb global_colors_info=\u00bb{%22gcid-f849286b-1601-4cf8-83e9-1e9006a21171%22:%91%22box_shadow_color%22%93}\u00bb title_text=\u00bbCarteles gastronomicos Header\u00bb sticky_enabled=\u00bb0&#8243;][et_pb_row _builder_version=\u00bb4.16&#8243; width=\u00bb90%\u00bb max_width=\u00bbnone\u00bb locked=\u00bboff\u00bb global_colors_info=\u00bb{}\u00bb][et_pb_column type=\u00bb4_4&#8243; _builder_version=\u00bb4.16&#8243; global_colors_info=\u00bb{}\u00bb][et_pb_text _builder_version=\u00bb4.27.0&#8243; header_font=\u00bbPlayfair Display|700|||||||\u00bb header_text_color=\u00bb#000000&#8243; header_font_size=\u00bb140px\u00bb header_line_height=\u00bb1.2em\u00bb header_2_font=\u00bbPlayfair Display|700|||||||\u00bb header_2_font_size=\u00bb20px\u00bb header_2_line_height=\u00bb1.2em\u00bb text_orientation=\u00bbcenter\u00bb header_font_size_tablet=\u00bb80px\u00bb header_font_size_phone=\u00bb40px\u00bb header_font_size_last_edited=\u00bbon|phone\u00bb locked=\u00bboff\u00bb global_colors_info=\u00bb{}\u00bb]<\/p>\n<h1>Carteles Gastron\u00f3micos<\/h1>\n<h2>Para Locales Gastron\u00f3micos y Comerciales<\/h2>\n<p>[\/et_pb_text][et_pb_text _builder_version=\u00bb4.27.0&#8243; text_font_size=\u00bb16px\u00bb text_line_height=\u00bb2em\u00bb header_font=\u00bb||||||||\u00bb header_3_font=\u00bbPlayfair Display|700|||||||\u00bb header_3_font_size=\u00bb50px\u00bb header_3_line_height=\u00bb1.2em\u00bb text_orientation=\u00bbcenter\u00bb max_width=\u00bb800px\u00bb module_alignment=\u00bbcenter\u00bb text_font_size_tablet=\u00bb\u00bb text_font_size_phone=\u00bb16px\u00bb text_font_size_last_edited=\u00bbon|phone\u00bb header_3_font_size_tablet=\u00bb40px\u00bb header_3_font_size_phone=\u00bb30px\u00bb header_3_font_size_last_edited=\u00bbon|phone\u00bb locked=\u00bboff\u00bb global_colors_info=\u00bb{}\u00bb]<\/p>\n<p>Dise\u00f1amos carteler\u00eda personalizada para locales gastron\u00f3micos y comerciales, asegurando una integraci\u00f3n profesional de logos y marcas que refuerza la identidad visual del establecimiento. Nuestra oferta incluye una amplia gama de soluciones, desde se\u00f1ales informativas y direccionales hasta elementos decorativos y de marca, como men\u00fas, r\u00f3tulos y se\u00f1alizaciones tem\u00e1ticas. Adaptamos cada dise\u00f1o a las necesidades espec\u00edficas y al estilo \u00fanico de cada local, mejorando tanto la funcionalidad como la est\u00e9tica del espacio para ofrecer una experiencia visual coherente y atractiva.<\/p>\n<p>[\/et_pb_text][et_pb_button button_url=\u00bb@ET-DC@eyJkeW5hbWljIjp0cnVlLCJjb250ZW50IjoicG9zdF9saW5rX3VybF9wYWdlIiwic2V0dGluZ3MiOnsicG9zdF9pZCI6IjI4NSJ9fQ==@\u00bb button_text=\u00bbSolicitar asesoramiento\u00bb button_alignment=\u00bbcenter\u00bb _builder_version=\u00bb4.27.0&#8243; _dynamic_attributes=\u00bbbutton_url\u00bb custom_button=\u00bbon\u00bb button_text_size=\u00bb12px\u00bb button_text_color=\u00bb#ffffff\u00bb button_bg_color=\u00bbgcid-f849286b-1601-4cf8-83e9-1e9006a21171&#8243; button_bg_color_gradient_direction=\u00bb89deg\u00bb button_bg_color_gradient_stops=\u00bb#ffcfaa 0%|#fa6eb9 100%\u00bb button_bg_color_gradient_start=\u00bb#ffcfaa\u00bb button_bg_color_gradient_end=\u00bb#fa6eb9&#8243; button_border_width=\u00bb0px\u00bb button_border_radius=\u00bb100px\u00bb button_letter_spacing=\u00bb4px\u00bb button_font=\u00bb|700||on|||||\u00bb custom_padding=\u00bb20px|40px|20px|40px|true|true\u00bb box_shadow_style=\u00bbpreset3&#8243; box_shadow_vertical=\u00bb10px\u00bb box_shadow_blur=\u00bb20px\u00bb box_shadow_spread=\u00bb0px\u00bb box_shadow_color=\u00bbgcid-7c95d3ed-44c4-42e1-922e-e268c8106e5b\u00bb locked=\u00bboff\u00bb global_colors_info=\u00bb{%22gcid-7c95d3ed-44c4-42e1-922e-e268c8106e5b%22:%91%22box_shadow_color%22%93,%22gcid-f849286b-1601-4cf8-83e9-1e9006a21171%22:%91%22button_bg_color%22%93}\u00bb][\/et_pb_button][\/et_pb_column][\/et_pb_row][\/et_pb_section][et_pb_section fb_built=\u00bb1&#8243; admin_label=\u00bbGallery\u00bb _builder_version=\u00bb4.16&#8243; global_colors_info=\u00bb{}\u00bb][et_pb_row column_structure=\u00bb1_3,1_3,1_3&#8243; _builder_version=\u00bb4.16&#8243; global_colors_info=\u00bb{}\u00bb][et_pb_column type=\u00bb1_3&#8243; _builder_version=\u00bb4.16&#8243; global_colors_info=\u00bb{}\u00bb][et_pb_image src=\u00bbhttp:\/\/museambiente.com.ar\/wp-content\/uploads\/2024\/09\/Carteles-gastronomicos-02.webp\u00bb _builder_version=\u00bb4.27.0&#8243; hover_enabled=\u00bb0&#8243; global_colors_info=\u00bb{}\u00bb title_text=\u00bbCarteles gastronomicos 02&#8243; sticky_enabled=\u00bb0&#8243;][\/et_pb_image][et_pb_image src=\u00bbhttp:\/\/museambiente.com.ar\/wp-content\/uploads\/2024\/09\/Carteles-gastronomicos-01.webp\u00bb _builder_version=\u00bb4.27.0&#8243; hover_enabled=\u00bb0&#8243; locked=\u00bboff\u00bb global_colors_info=\u00bb{}\u00bb title_text=\u00bbCarteles gastronomicos 01&#8243; sticky_enabled=\u00bb0&#8243;][\/et_pb_image][\/et_pb_column][et_pb_column type=\u00bb1_3&#8243; _builder_version=\u00bb4.16&#8243; global_colors_info=\u00bb{}\u00bb][et_pb_image src=\u00bbhttp:\/\/museambiente.com.ar\/wp-content\/uploads\/2024\/09\/Carteles-gastronomicos-03.webp\u00bb _builder_version=\u00bb4.27.0&#8243; hover_enabled=\u00bb0&#8243; locked=\u00bboff\u00bb global_colors_info=\u00bb{}\u00bb title_text=\u00bbCarteles gastronomicos 03&#8243; sticky_enabled=\u00bb0&#8243;][\/et_pb_image][et_pb_image src=\u00bbhttp:\/\/museambiente.com.ar\/wp-content\/uploads\/2024\/09\/Carteles-gastronomicos-06.webp\u00bb _builder_version=\u00bb4.27.0&#8243; hover_enabled=\u00bb0&#8243; locked=\u00bboff\u00bb global_colors_info=\u00bb{}\u00bb title_text=\u00bbCarteles gastronomicos 06&#8243; sticky_enabled=\u00bb0&#8243;][\/et_pb_image][\/et_pb_column][et_pb_column type=\u00bb1_3&#8243; _builder_version=\u00bb4.16&#8243; global_colors_info=\u00bb{}\u00bb][et_pb_image src=\u00bbhttp:\/\/museambiente.com.ar\/wp-content\/uploads\/2024\/09\/Carteles-gastronomicos-05.webp\u00bb _builder_version=\u00bb4.27.0&#8243; hover_enabled=\u00bb0&#8243; locked=\u00bboff\u00bb global_colors_info=\u00bb{}\u00bb title_text=\u00bbCarteles gastronomicos 05&#8243; sticky_enabled=\u00bb0&#8243;][\/et_pb_image][et_pb_image src=\u00bbhttp:\/\/museambiente.com.ar\/wp-content\/uploads\/2024\/09\/Carteles-gastronomicos-04.webp\u00bb _builder_version=\u00bb4.27.0&#8243; hover_enabled=\u00bb0&#8243; locked=\u00bboff\u00bb global_colors_info=\u00bb{}\u00bb title_text=\u00bbCarteles gastronomicos 04&#8243; sticky_enabled=\u00bb0&#8243;][\/et_pb_image][\/et_pb_column][\/et_pb_row][\/et_pb_section][et_pb_section fb_built=\u00bb1&#8243; admin_label=\u00bbCTA\u00bb _builder_version=\u00bb4.16&#8243; global_colors_info=\u00bb{}\u00bb][et_pb_row _builder_version=\u00bb4.16&#8243; global_colors_info=\u00bb{}\u00bb][et_pb_column type=\u00bb4_4&#8243; _builder_version=\u00bb4.16&#8243; global_colors_info=\u00bb{}\u00bb][et_pb_button button_url=\u00bb@ET-DC@eyJkeW5hbWljIjp0cnVlLCJjb250ZW50IjoicG9zdF9saW5rX3VybF9wYWdlIiwic2V0dGluZ3MiOnsicG9zdF9pZCI6IjEzNyJ9fQ==@\u00bb button_text=\u00bbVolver a Servicios\u00bb button_alignment=\u00bbcenter\u00bb _builder_version=\u00bb4.27.0&#8243; _dynamic_attributes=\u00bbbutton_url\u00bb custom_button=\u00bbon\u00bb button_text_size=\u00bb12px\u00bb button_text_color=\u00bb#ffffff\u00bb button_bg_color=\u00bbgcid-primary-color\u00bb button_bg_color_gradient_direction=\u00bb89deg\u00bb button_bg_color_gradient_stops=\u00bb#ffcfaa 0%|#fa6eb9 100%\u00bb button_bg_color_gradient_start=\u00bb#ffcfaa\u00bb button_bg_color_gradient_end=\u00bb#fa6eb9&#8243; button_border_width=\u00bb0px\u00bb button_border_radius=\u00bb100px\u00bb button_letter_spacing=\u00bb4px\u00bb button_font=\u00bb|700||on|||||\u00bb custom_padding=\u00bb20px|40px|20px|40px|true|true\u00bb box_shadow_style=\u00bbpreset3&#8243; box_shadow_vertical=\u00bb10px\u00bb box_shadow_blur=\u00bb20px\u00bb box_shadow_spread=\u00bb0px\u00bb box_shadow_color=\u00bbgcid-7c95d3ed-44c4-42e1-922e-e268c8106e5b\u00bb locked=\u00bboff\u00bb global_colors_info=\u00bb{%22gcid-7c95d3ed-44c4-42e1-922e-e268c8106e5b%22:%91%22box_shadow_color%22%93,%22gcid-primary-color%22:%91%22button_bg_color%22%93}\u00bb][\/et_pb_button][\/et_pb_column][\/et_pb_row][\/et_pb_section]<\/p>\n","protected":false},"excerpt":{"rendered":"<p>Carteles Gastron\u00f3micos Para Locales Gastron\u00f3micos y ComercialesDise\u00f1amos carteler\u00eda personalizada para locales gastron\u00f3micos y comerciales, asegurando una integraci\u00f3n profesional de logos y marcas que refuerza la identidad visual del establecimiento. Nuestra oferta incluye una amplia gama de soluciones, desde se\u00f1ales informativas y direccionales hasta elementos decorativos y de marca, como men\u00fas, r\u00f3tulos y se\u00f1alizaciones tem\u00e1ticas. Adaptamos [&hellip;]<\/p>\n","protected":false},"author":1,"featured_media":0,"parent":0,"menu_order":0,"comment_status":"closed","ping_status":"closed","template":"","meta":{"_et_pb_use_builder":"on","_et_pb_old_content":"","_et_gb_content_width":"","footnotes":""},"class_list":["post-516","page","type-page","status-publish","hentry"],"_links":{"self":[{"href":"https:\/\/museambiente.com.ar\/index.php?rest_route=\/wp\/v2\/pages\/516","targetHints":{"allow":["GET"]}}],"collection":[{"href":"https:\/\/museambiente.com.ar\/index.php?rest_route=\/wp\/v2\/pages"}],"about":[{"href":"https:\/\/museambiente.com.ar\/index.php?rest_route=\/wp\/v2\/types\/page"}],"author":[{"embeddable":true,"href":"https:\/\/museambiente.com.ar\/index.php?rest_route=\/wp\/v2\/users\/1"}],"replies":[{"embeddable":true,"href":"https:\/\/museambiente.com.ar\/index.php?rest_route=%2Fwp%2Fv2%2Fcomments&post=516"}],"version-history":[{"count":7,"href":"https:\/\/museambiente.com.ar\/index.php?rest_route=\/wp\/v2\/pages\/516\/revisions"}],"predecessor-version":[{"id":1532,"href":"https:\/\/museambiente.com.ar\/index.php?rest_route=\/wp\/v2\/pages\/516\/revisions\/1532"}],"wp:attachment":[{"href":"https:\/\/museambiente.com.ar\/index.php?rest_route=%2Fwp%2Fv2%2Fmedia&parent=516"}],"curies":[{"name":"wp","href":"https:\/\/api.w.org\/{rel}","templated":true}]}}