{"id":510,"date":"2024-09-04T17:53:13","date_gmt":"2024-09-04T17:53:13","guid":{"rendered":"https:\/\/museambiente.com.ar\/?page_id=510"},"modified":"2024-09-10T13:10:14","modified_gmt":"2024-09-10T13:10:14","slug":"estilos-regionales-y-tematicos","status":"publish","type":"page","link":"https:\/\/museambiente.com.ar\/?page_id=510","title":{"rendered":"Estilos Regionales y Tem\u00e1ticos"},"content":{"rendered":"<p>[et_pb_section fb_built=\u00bb1&#8243; admin_label=\u00bbHeader\u00bb _builder_version=\u00bb4.27.0&#8243; use_background_color_gradient=\u00bbon\u00bb background_color_gradient_direction=\u00bb146deg\u00bb background_color_gradient_stops=\u00bb#ffffff 0%|rgba(255,255,255,0.91) 100%\u00bb background_color_gradient_overlays_image=\u00bbon\u00bb background_color_gradient_start=\u00bb#ffffff\u00bb background_color_gradient_end=\u00bbrgba(255,255,255,0.61)\u00bb background_image=\u00bbhttp:\/\/museambiente.com.ar\/wp-content\/uploads\/2024\/09\/Estilos-Regionales-Header.webp\u00bb max_width=\u00bb90%\u00bb custom_padding=\u00bb8vw||8vw|10vw|true|false\u00bb hover_enabled=\u00bb0&#8243; box_shadow_style=\u00bbpreset4&#8243; box_shadow_horizontal=\u00bb30vw\u00bb box_shadow_vertical=\u00bb-15vw\u00bb box_shadow_color=\u00bbgcid-f849286b-1601-4cf8-83e9-1e9006a21171&#8243; locked=\u00bboff\u00bb global_colors_info=\u00bb{%22gcid-f849286b-1601-4cf8-83e9-1e9006a21171%22:%91%22box_shadow_color%22%93}\u00bb title_text=\u00bbEstilos Regionales Header\u00bb sticky_enabled=\u00bb0&#8243;][et_pb_row _builder_version=\u00bb4.16&#8243; width=\u00bb90%\u00bb max_width=\u00bbnone\u00bb locked=\u00bboff\u00bb global_colors_info=\u00bb{}\u00bb][et_pb_column type=\u00bb4_4&#8243; _builder_version=\u00bb4.16&#8243; global_colors_info=\u00bb{}\u00bb][et_pb_text _builder_version=\u00bb4.27.0&#8243; header_font=\u00bbPlayfair Display|700|||||||\u00bb header_text_color=\u00bb#000000&#8243; header_font_size=\u00bb140px\u00bb header_line_height=\u00bb1.2em\u00bb header_2_font=\u00bbPlayfair Display|700|||||||\u00bb header_2_font_size=\u00bb20px\u00bb header_2_line_height=\u00bb1.2em\u00bb text_orientation=\u00bbcenter\u00bb header_font_size_tablet=\u00bb80px\u00bb header_font_size_phone=\u00bb40px\u00bb header_font_size_last_edited=\u00bbon|phone\u00bb locked=\u00bboff\u00bb global_colors_info=\u00bb{}\u00bb]<\/p>\n<h1>Estilos Regionales y Tem\u00e1ticos<\/h1>\n<h2>Ambientaci\u00f3n de Bares y Restaurantes<\/h2>\n<p>[\/et_pb_text][et_pb_text _builder_version=\u00bb4.27.0&#8243; text_font_size=\u00bb16px\u00bb text_line_height=\u00bb2em\u00bb header_font=\u00bb||||||||\u00bb header_3_font=\u00bbPlayfair Display|700|||||||\u00bb header_3_font_size=\u00bb50px\u00bb header_3_line_height=\u00bb1.2em\u00bb text_orientation=\u00bbcenter\u00bb max_width=\u00bb800px\u00bb module_alignment=\u00bbcenter\u00bb text_font_size_tablet=\u00bb\u00bb text_font_size_phone=\u00bb16px\u00bb text_font_size_last_edited=\u00bbon|phone\u00bb header_3_font_size_tablet=\u00bb40px\u00bb header_3_font_size_phone=\u00bb30px\u00bb header_3_font_size_last_edited=\u00bbon|phone\u00bb locked=\u00bboff\u00bb global_colors_info=\u00bb{}\u00bb]<\/p>\n<p>Ofrecemos decoraciones tem\u00e1ticas que capturan la esencia de diversos estilos regionales, brindando una transformaci\u00f3n completa para tu espacio. Po ejemplo, bar con tem\u00e1tica irlandesa, detalles en madera oscura y elementos tradicionales que evocan una atm\u00f3sfera acogedora y aut\u00e9ntica. Restaurante con estilo italiano, colores c\u00e1lidos, muebles r\u00fasticos y decoraciones que reflejan la elegancia y tradici\u00f3n de la cocina italiana. Pueden ser ambientes vibrantes al estilo mexicano, utilizando colores intensos y textiles festivos para celebrar la rica cultura y alegr\u00eda de M\u00e9xico.<\/p>\n<p>Adem\u00e1s, creamos ambientaciones tropicales para bares de tragos, integrando plantas exuberantes y muebles de mimbre para un ambiente fresco y relajante, as\u00ed como espacios rom\u00e1nticos para casas de t\u00e9, con una paleta de colores suaves y decoraciones elegantes que fomentan un entorno tranquilo y acogedor. Cada dise\u00f1o se adapta a las necesidades y estilo \u00fanico de tu negocio, asegurando que cada detalle no solo decore, sino que tambi\u00e9n cuente una historia y conecte emocionalmente con tus clientes.<\/p>\n<p>[\/et_pb_text][et_pb_button button_url=\u00bb@ET-DC@eyJkeW5hbWljIjp0cnVlLCJjb250ZW50IjoicG9zdF9saW5rX3VybF9wYWdlIiwic2V0dGluZ3MiOnsicG9zdF9pZCI6IjI4NSJ9fQ==@\u00bb button_text=\u00bbSolicitar asesoramiento\u00bb button_alignment=\u00bbcenter\u00bb _builder_version=\u00bb4.27.0&#8243; _dynamic_attributes=\u00bbbutton_url\u00bb custom_button=\u00bbon\u00bb button_text_size=\u00bb12px\u00bb button_text_color=\u00bb#ffffff\u00bb button_bg_color=\u00bbgcid-f849286b-1601-4cf8-83e9-1e9006a21171&#8243; button_bg_color_gradient_direction=\u00bb89deg\u00bb button_bg_color_gradient_stops=\u00bb#ffcfaa 0%|#fa6eb9 100%\u00bb button_bg_color_gradient_start=\u00bb#ffcfaa\u00bb button_bg_color_gradient_end=\u00bb#fa6eb9&#8243; button_border_width=\u00bb0px\u00bb button_border_radius=\u00bb100px\u00bb button_letter_spacing=\u00bb4px\u00bb button_font=\u00bb|700||on|||||\u00bb custom_padding=\u00bb20px|40px|20px|40px|true|true\u00bb box_shadow_style=\u00bbpreset3&#8243; box_shadow_vertical=\u00bb10px\u00bb box_shadow_blur=\u00bb20px\u00bb box_shadow_spread=\u00bb0px\u00bb box_shadow_color=\u00bbgcid-7c95d3ed-44c4-42e1-922e-e268c8106e5b\u00bb locked=\u00bboff\u00bb global_colors_info=\u00bb{%22gcid-7c95d3ed-44c4-42e1-922e-e268c8106e5b%22:%91%22box_shadow_color%22%93,%22gcid-f849286b-1601-4cf8-83e9-1e9006a21171%22:%91%22button_bg_color%22%93}\u00bb][\/et_pb_button][\/et_pb_column][\/et_pb_row][\/et_pb_section][et_pb_section fb_built=\u00bb1&#8243; admin_label=\u00bbGallery\u00bb _builder_version=\u00bb4.16&#8243; global_colors_info=\u00bb{}\u00bb][et_pb_row column_structure=\u00bb1_3,1_3,1_3&#8243; _builder_version=\u00bb4.16&#8243; global_colors_info=\u00bb{}\u00bb][et_pb_column type=\u00bb1_3&#8243; _builder_version=\u00bb4.16&#8243; global_colors_info=\u00bb{}\u00bb][et_pb_image src=\u00bbhttp:\/\/museambiente.com.ar\/wp-content\/uploads\/2024\/09\/Estilos-Regionales-02.jpg\u00bb title_text=\u00bbEstilos Regionales 02&#8243; _builder_version=\u00bb4.27.0&#8243; global_colors_info=\u00bb{}\u00bb][\/et_pb_image][et_pb_image src=\u00bbhttp:\/\/museambiente.com.ar\/wp-content\/uploads\/2024\/09\/Estilos-Regionales-09.jpg\u00bb title_text=\u00bbEstilos Regionales 09&#8243; _builder_version=\u00bb4.27.0&#8243; locked=\u00bboff\u00bb global_colors_info=\u00bb{}\u00bb][\/et_pb_image][et_pb_image src=\u00bbhttp:\/\/museambiente.com.ar\/wp-content\/uploads\/2024\/09\/Estilos-Regionales-07.jpg\u00bb title_text=\u00bbEstilos Regionales 07&#8243; _builder_version=\u00bb4.27.0&#8243; locked=\u00bboff\u00bb global_colors_info=\u00bb{}\u00bb][\/et_pb_image][\/et_pb_column][et_pb_column type=\u00bb1_3&#8243; _builder_version=\u00bb4.16&#8243; global_colors_info=\u00bb{}\u00bb][et_pb_image src=\u00bbhttp:\/\/museambiente.com.ar\/wp-content\/uploads\/2024\/09\/Estilos-Regionales-08.jpg\u00bb title_text=\u00bbEstilos Regionales 08&#8243; _builder_version=\u00bb4.27.0&#8243; locked=\u00bboff\u00bb global_colors_info=\u00bb{}\u00bb][\/et_pb_image][et_pb_image src=\u00bbhttp:\/\/museambiente.com.ar\/wp-content\/uploads\/2024\/09\/Estilos-Regionales-05.jpg\u00bb title_text=\u00bbEstilos Regionales 05&#8243; _builder_version=\u00bb4.27.0&#8243; locked=\u00bboff\u00bb global_colors_info=\u00bb{}\u00bb][\/et_pb_image][et_pb_image src=\u00bbhttp:\/\/museambiente.com.ar\/wp-content\/uploads\/2024\/09\/Estilos-Regionales-06.jpg\u00bb title_text=\u00bbEstilos Regionales 06&#8243; _builder_version=\u00bb4.27.0&#8243; locked=\u00bboff\u00bb global_colors_info=\u00bb{}\u00bb][\/et_pb_image][et_pb_image src=\u00bbhttp:\/\/museambiente.com.ar\/wp-content\/uploads\/2024\/09\/Estilos-Regionales-03.jpg\u00bb title_text=\u00bbEstilos Regionales 03&#8243; _builder_version=\u00bb4.27.0&#8243; locked=\u00bboff\u00bb global_colors_info=\u00bb{}\u00bb][\/et_pb_image][\/et_pb_column][et_pb_column type=\u00bb1_3&#8243; _builder_version=\u00bb4.16&#8243; global_colors_info=\u00bb{}\u00bb][et_pb_image src=\u00bbhttp:\/\/museambiente.com.ar\/wp-content\/uploads\/2024\/09\/Estilos-Regionales-01.jpg\u00bb title_text=\u00bbEstilos Regionales 01&#8243; _builder_version=\u00bb4.27.0&#8243; locked=\u00bboff\u00bb global_colors_info=\u00bb{}\u00bb][\/et_pb_image][et_pb_image src=\u00bbhttp:\/\/museambiente.com.ar\/wp-content\/uploads\/2024\/09\/Estilos-Regionales-11-scaled.jpg\u00bb title_text=\u00bbEstilos Regionales 11&#8243; _builder_version=\u00bb4.27.0&#8243; locked=\u00bboff\u00bb global_colors_info=\u00bb{}\u00bb][\/et_pb_image][et_pb_image src=\u00bbhttp:\/\/museambiente.com.ar\/wp-content\/uploads\/2024\/09\/Estilos-Regionales-10.jpg\u00bb title_text=\u00bbEstilos Regionales 10&#8243; _builder_version=\u00bb4.27.0&#8243; locked=\u00bboff\u00bb global_colors_info=\u00bb{}\u00bb][\/et_pb_image][et_pb_image src=\u00bbhttp:\/\/museambiente.com.ar\/wp-content\/uploads\/2024\/09\/Estilos-Regionales-04.jpg\u00bb title_text=\u00bbEstilos Regionales 04&#8243; _builder_version=\u00bb4.27.0&#8243; locked=\u00bboff\u00bb global_colors_info=\u00bb{}\u00bb][\/et_pb_image][\/et_pb_column][\/et_pb_row][\/et_pb_section][et_pb_section fb_built=\u00bb1&#8243; admin_label=\u00bbCTA\u00bb _builder_version=\u00bb4.16&#8243; global_colors_info=\u00bb{}\u00bb][et_pb_row _builder_version=\u00bb4.16&#8243; global_colors_info=\u00bb{}\u00bb][et_pb_column type=\u00bb4_4&#8243; _builder_version=\u00bb4.16&#8243; global_colors_info=\u00bb{}\u00bb][et_pb_button button_url=\u00bb@ET-DC@eyJkeW5hbWljIjp0cnVlLCJjb250ZW50IjoicG9zdF9saW5rX3VybF9wYWdlIiwic2V0dGluZ3MiOnsicG9zdF9pZCI6IjEzNyJ9fQ==@\u00bb button_text=\u00bbVolver a Servicios\u00bb button_alignment=\u00bbcenter\u00bb _builder_version=\u00bb4.27.0&#8243; _dynamic_attributes=\u00bbbutton_url\u00bb custom_button=\u00bbon\u00bb button_text_size=\u00bb12px\u00bb button_text_color=\u00bb#ffffff\u00bb button_bg_color=\u00bbgcid-primary-color\u00bb button_bg_color_gradient_direction=\u00bb89deg\u00bb button_bg_color_gradient_stops=\u00bb#ffcfaa 0%|#fa6eb9 100%\u00bb button_bg_color_gradient_start=\u00bb#ffcfaa\u00bb button_bg_color_gradient_end=\u00bb#fa6eb9&#8243; button_border_width=\u00bb0px\u00bb button_border_radius=\u00bb100px\u00bb button_letter_spacing=\u00bb4px\u00bb button_font=\u00bb|700||on|||||\u00bb custom_padding=\u00bb20px|40px|20px|40px|true|true\u00bb box_shadow_style=\u00bbpreset3&#8243; box_shadow_vertical=\u00bb10px\u00bb box_shadow_blur=\u00bb20px\u00bb box_shadow_spread=\u00bb0px\u00bb box_shadow_color=\u00bbgcid-7c95d3ed-44c4-42e1-922e-e268c8106e5b\u00bb locked=\u00bboff\u00bb global_colors_info=\u00bb{%22gcid-7c95d3ed-44c4-42e1-922e-e268c8106e5b%22:%91%22box_shadow_color%22%93,%22gcid-primary-color%22:%91%22button_bg_color%22%93}\u00bb][\/et_pb_button][\/et_pb_column][\/et_pb_row][\/et_pb_section]<\/p>\n","protected":false},"excerpt":{"rendered":"<p>Estilos Regionales y Tem\u00e1ticos Ambientaci\u00f3n de Bares y RestaurantesOfrecemos decoraciones tem\u00e1ticas que capturan la esencia de diversos estilos regionales, brindando una transformaci\u00f3n completa para tu espacio. Po ejemplo, bar con tem\u00e1tica irlandesa, detalles en madera oscura y elementos tradicionales que evocan una atm\u00f3sfera acogedora y aut\u00e9ntica. Restaurante con estilo italiano, colores c\u00e1lidos, muebles r\u00fasticos y [&hellip;]<\/p>\n","protected":false},"author":1,"featured_media":0,"parent":0,"menu_order":0,"comment_status":"closed","ping_status":"closed","template":"","meta":{"_et_pb_use_builder":"on","_et_pb_old_content":"","_et_gb_content_width":"","footnotes":""},"class_list":["post-510","page","type-page","status-publish","hentry"],"_links":{"self":[{"href":"https:\/\/museambiente.com.ar\/index.php?rest_route=\/wp\/v2\/pages\/510","targetHints":{"allow":["GET"]}}],"collection":[{"href":"https:\/\/museambiente.com.ar\/index.php?rest_route=\/wp\/v2\/pages"}],"about":[{"href":"https:\/\/museambiente.com.ar\/index.php?rest_route=\/wp\/v2\/types\/page"}],"author":[{"embeddable":true,"href":"https:\/\/museambiente.com.ar\/index.php?rest_route=\/wp\/v2\/users\/1"}],"replies":[{"embeddable":true,"href":"https:\/\/museambiente.com.ar\/index.php?rest_route=%2Fwp%2Fv2%2Fcomments&post=510"}],"version-history":[{"count":20,"href":"https:\/\/museambiente.com.ar\/index.php?rest_route=\/wp\/v2\/pages\/510\/revisions"}],"predecessor-version":[{"id":1521,"href":"https:\/\/museambiente.com.ar\/index.php?rest_route=\/wp\/v2\/pages\/510\/revisions\/1521"}],"wp:attachment":[{"href":"https:\/\/museambiente.com.ar\/index.php?rest_route=%2Fwp%2Fv2%2Fmedia&parent=510"}],"curies":[{"name":"wp","href":"https:\/\/api.w.org\/{rel}","templated":true}]}}