{"id":419,"date":"2024-09-04T16:32:53","date_gmt":"2024-09-04T16:32:53","guid":{"rendered":"https:\/\/museambiente.com.ar\/?page_id=419"},"modified":"2024-09-09T20:50:41","modified_gmt":"2024-09-09T20:50:41","slug":"centros-de-mesa","status":"publish","type":"page","link":"https:\/\/museambiente.com.ar\/?page_id=419","title":{"rendered":"Centros de Mesa"},"content":{"rendered":"<p>[et_pb_section fb_built=\u00bb1&#8243; admin_label=\u00bbHeader\u00bb _builder_version=\u00bb4.27.0&#8243; use_background_color_gradient=\u00bbon\u00bb background_color_gradient_direction=\u00bb146deg\u00bb background_color_gradient_stops=\u00bb#ffffff 0%|rgba(255,255,255,0.61) 100%\u00bb background_color_gradient_overlays_image=\u00bbon\u00bb background_color_gradient_start=\u00bb#ffffff\u00bb background_color_gradient_end=\u00bbrgba(255,255,255,0.61)\u00bb background_image=\u00bbhttp:\/\/museambiente.com.ar\/wp-content\/uploads\/2024\/09\/Centros-de-Mesa-Header.webp\u00bb max_width=\u00bb90%\u00bb custom_padding=\u00bb8vw||8vw|10vw|true|false\u00bb box_shadow_style=\u00bbpreset4&#8243; box_shadow_horizontal=\u00bb30vw\u00bb box_shadow_vertical=\u00bb-15vw\u00bb box_shadow_color=\u00bbgcid-secondary-color\u00bb locked=\u00bboff\u00bb global_colors_info=\u00bb{%22gcid-secondary-color%22:%91%22box_shadow_color%22%93}\u00bb][et_pb_row _builder_version=\u00bb4.16&#8243; width=\u00bb90%\u00bb max_width=\u00bbnone\u00bb locked=\u00bboff\u00bb global_colors_info=\u00bb{}\u00bb][et_pb_column type=\u00bb4_4&#8243; _builder_version=\u00bb4.16&#8243; global_colors_info=\u00bb{}\u00bb][et_pb_text _builder_version=\u00bb4.27.0&#8243; header_font=\u00bbPlayfair Display|700|||||||\u00bb header_text_color=\u00bb#000000&#8243; header_font_size=\u00bb140px\u00bb header_line_height=\u00bb1.2em\u00bb header_2_font=\u00bbPlayfair Display|700|||||||\u00bb header_2_font_size=\u00bb20px\u00bb header_2_line_height=\u00bb1.2em\u00bb text_orientation=\u00bbcenter\u00bb header_font_size_tablet=\u00bb80px\u00bb header_font_size_phone=\u00bb40px\u00bb header_font_size_last_edited=\u00bbon|phone\u00bb locked=\u00bboff\u00bb global_colors_info=\u00bb{}\u00bb]<\/p>\n<h1>Centros de Mesa<\/h1>\n<h2>Para todo tipo de Celebraciones<\/h2>\n<p>[\/et_pb_text][et_pb_text _builder_version=\u00bb4.27.0&#8243; text_font_size=\u00bb16px\u00bb text_line_height=\u00bb2em\u00bb header_font=\u00bb||||||||\u00bb header_3_font=\u00bbPlayfair Display|700|||||||\u00bb header_3_font_size=\u00bb50px\u00bb header_3_line_height=\u00bb1.2em\u00bb text_orientation=\u00bbcenter\u00bb max_width=\u00bb800px\u00bb module_alignment=\u00bbcenter\u00bb text_font_size_tablet=\u00bb\u00bb text_font_size_phone=\u00bb16px\u00bb text_font_size_last_edited=\u00bbon|phone\u00bb header_3_font_size_tablet=\u00bb40px\u00bb header_3_font_size_phone=\u00bb30px\u00bb header_3_font_size_last_edited=\u00bbon|phone\u00bb locked=\u00bboff\u00bb global_colors_info=\u00bb{}\u00bb]<\/p>\n<p>Dise\u00f1amos centros de mesa impactantes utilizando flores frescas o conservadas, adaptados espec\u00edficamente al tema de tu evento o al estilo de tu hogar. Desde arreglos sencillos hasta composiciones elaboradas, cada centro de mesa se personaliza para reflejar tus preferencias y el ambiente deseado. Integramos una variedad de elementos como jarrones decorativos, velas, y accesorios tem\u00e1ticos para complementar y enriquecer la decoraci\u00f3n de tu espacio. Nuestro objetivo es crear un enfoque visual atractivo y armonioso que realce la est\u00e9tica de tu evento o de tu hogar, a\u00f1adiendo un toque de elegancia y sofisticaci\u00f3n.<\/p>\n<p>[\/et_pb_text][et_pb_button button_url=\u00bb@ET-DC@eyJkeW5hbWljIjp0cnVlLCJjb250ZW50IjoicG9zdF9saW5rX3VybF9wYWdlIiwic2V0dGluZ3MiOnsicG9zdF9pZCI6IjI4NSJ9fQ==@\u00bb button_text=\u00bbSolicitar asesoramiento\u00bb button_alignment=\u00bbcenter\u00bb _builder_version=\u00bb4.27.0&#8243; _dynamic_attributes=\u00bbbutton_url\u00bb custom_button=\u00bbon\u00bb button_text_size=\u00bb12px\u00bb button_text_color=\u00bb#ffffff\u00bb button_bg_color=\u00bbgcid-secondary-color\u00bb button_bg_color_gradient_direction=\u00bb89deg\u00bb button_bg_color_gradient_stops=\u00bb#ffcfaa 0%|#fa6eb9 100%\u00bb button_bg_color_gradient_start=\u00bb#ffcfaa\u00bb button_bg_color_gradient_end=\u00bb#fa6eb9&#8243; button_border_width=\u00bb0px\u00bb button_border_radius=\u00bb100px\u00bb button_letter_spacing=\u00bb4px\u00bb button_font=\u00bb|700||on|||||\u00bb custom_padding=\u00bb20px|40px|20px|40px|true|true\u00bb box_shadow_style=\u00bbpreset3&#8243; box_shadow_vertical=\u00bb10px\u00bb box_shadow_blur=\u00bb20px\u00bb box_shadow_spread=\u00bb0px\u00bb box_shadow_color=\u00bbgcid-7c95d3ed-44c4-42e1-922e-e268c8106e5b\u00bb locked=\u00bboff\u00bb global_colors_info=\u00bb{%22gcid-secondary-color%22:%91%22button_bg_color%22%93,%22gcid-7c95d3ed-44c4-42e1-922e-e268c8106e5b%22:%91%22box_shadow_color%22%93}\u00bb][\/et_pb_button][\/et_pb_column][\/et_pb_row][\/et_pb_section][et_pb_section fb_built=\u00bb1&#8243; admin_label=\u00bbGallery\u00bb _builder_version=\u00bb4.16&#8243; global_colors_info=\u00bb{}\u00bb][et_pb_row column_structure=\u00bb1_3,1_3,1_3&#8243; _builder_version=\u00bb4.16&#8243; global_colors_info=\u00bb{}\u00bb][et_pb_column type=\u00bb1_3&#8243; _builder_version=\u00bb4.16&#8243; global_colors_info=\u00bb{}\u00bb][et_pb_image src=\u00bbhttp:\/\/museambiente.com.ar\/wp-content\/uploads\/2024\/09\/Centros-de-Mesa-02.jpg\u00bb title_text=\u00bbCentros de Mesa 02&#8243; _builder_version=\u00bb4.27.0&#8243; global_colors_info=\u00bb{}\u00bb][\/et_pb_image][et_pb_image src=\u00bbhttp:\/\/museambiente.com.ar\/wp-content\/uploads\/2024\/09\/Centros-de-Mesa-09.jpg\u00bb title_text=\u00bbCentros de Mesa 09&#8243; _builder_version=\u00bb4.27.0&#8243; locked=\u00bboff\u00bb global_colors_info=\u00bb{}\u00bb][\/et_pb_image][et_pb_image src=\u00bbhttp:\/\/museambiente.com.ar\/wp-content\/uploads\/2024\/09\/Centros-de-Mesa-04.jpg\u00bb title_text=\u00bbCentros de Mesa 04&#8243; _builder_version=\u00bb4.27.0&#8243; locked=\u00bboff\u00bb global_colors_info=\u00bb{}\u00bb][\/et_pb_image][et_pb_image src=\u00bbhttp:\/\/museambiente.com.ar\/wp-content\/uploads\/2024\/09\/Mobiliario-04.jpg\u00bb title_text=\u00bbMobiliario 04&#8243; _builder_version=\u00bb4.27.0&#8243; locked=\u00bboff\u00bb global_colors_info=\u00bb{}\u00bb][\/et_pb_image][et_pb_image src=\u00bbhttp:\/\/museambiente.com.ar\/wp-content\/uploads\/2024\/09\/Centros-de-Mesa-13.webp\u00bb title_text=\u00bbCentros de Mesa 13&#8243; _builder_version=\u00bb4.27.0&#8243; locked=\u00bboff\u00bb global_colors_info=\u00bb{}\u00bb][\/et_pb_image][et_pb_image src=\u00bbhttp:\/\/museambiente.com.ar\/wp-content\/uploads\/2024\/09\/Centros-de-Mesa-08.jpg\u00bb title_text=\u00bbCentros de Mesa 08&#8243; _builder_version=\u00bb4.27.0&#8243; locked=\u00bboff\u00bb global_colors_info=\u00bb{}\u00bb][\/et_pb_image][\/et_pb_column][et_pb_column type=\u00bb1_3&#8243; _builder_version=\u00bb4.16&#8243; global_colors_info=\u00bb{}\u00bb][et_pb_image src=\u00bbhttp:\/\/museambiente.com.ar\/wp-content\/uploads\/2024\/09\/Centros-de-Mesa-01.jpg\u00bb title_text=\u00bbCentros de Mesa 01&#8243; _builder_version=\u00bb4.27.0&#8243; locked=\u00bboff\u00bb global_colors_info=\u00bb{}\u00bb][\/et_pb_image][et_pb_image src=\u00bbhttp:\/\/museambiente.com.ar\/wp-content\/uploads\/2024\/09\/Centros-de-Mesa-10.jpg\u00bb title_text=\u00bbDining table at a celebration\u00bb _builder_version=\u00bb4.27.0&#8243; locked=\u00bboff\u00bb global_colors_info=\u00bb{}\u00bb][\/et_pb_image][et_pb_image src=\u00bbhttp:\/\/museambiente.com.ar\/wp-content\/uploads\/2024\/09\/Centros-de-Mesa-14.webp\u00bb title_text=\u00bbCentros de Mesa 14&#8243; _builder_version=\u00bb4.27.0&#8243; hover_enabled=\u00bb0&#8243; locked=\u00bboff\u00bb global_colors_info=\u00bb{}\u00bb sticky_enabled=\u00bb0&#8243;][\/et_pb_image][et_pb_image src=\u00bbhttp:\/\/museambiente.com.ar\/wp-content\/uploads\/2024\/09\/Mesas-Decoradas-06.jpg\u00bb title_text=\u00bbMesas Decoradas 06&#8243; _builder_version=\u00bb4.27.0&#8243; locked=\u00bboff\u00bb global_colors_info=\u00bb{}\u00bb][\/et_pb_image][et_pb_image src=\u00bbhttp:\/\/museambiente.com.ar\/wp-content\/uploads\/2024\/09\/Centros-de-Mesa-07_A.jpg\u00bb title_text=\u00bbCentros de Mesa 07_A\u00bb _builder_version=\u00bb4.27.0&#8243; locked=\u00bboff\u00bb global_colors_info=\u00bb{}\u00bb][\/et_pb_image][\/et_pb_column][et_pb_column type=\u00bb1_3&#8243; _builder_version=\u00bb4.16&#8243; global_colors_info=\u00bb{}\u00bb][et_pb_image src=\u00bbhttp:\/\/museambiente.com.ar\/wp-content\/uploads\/2024\/09\/Centros-de-Mesa-03.jpg\u00bb title_text=\u00bbCentros de Mesa 03&#8243; _builder_version=\u00bb4.27.0&#8243; locked=\u00bboff\u00bb global_colors_info=\u00bb{}\u00bb][\/et_pb_image][et_pb_image src=\u00bbhttp:\/\/museambiente.com.ar\/wp-content\/uploads\/2024\/09\/Centros-de-Mesa-05.jpg\u00bb title_text=\u00bbCentros de Mesa 05&#8243; _builder_version=\u00bb4.27.0&#8243; locked=\u00bboff\u00bb global_colors_info=\u00bb{}\u00bb][\/et_pb_image][et_pb_image src=\u00bbhttp:\/\/museambiente.com.ar\/wp-content\/uploads\/2024\/09\/Mesas-Decoradas-04.jpg\u00bb title_text=\u00bbMesas Decoradas 04&#8243; _builder_version=\u00bb4.27.0&#8243; locked=\u00bboff\u00bb global_colors_info=\u00bb{}\u00bb][\/et_pb_image][et_pb_image src=\u00bbhttp:\/\/museambiente.com.ar\/wp-content\/uploads\/2024\/09\/Centros-de-Mesa-11.jpg\u00bb title_text=\u00bbBig bouquet with white roses and eucalyptus stand on a table\u00bb _builder_version=\u00bb4.27.0&#8243; locked=\u00bboff\u00bb global_colors_info=\u00bb{}\u00bb][\/et_pb_image][et_pb_image src=\u00bbhttp:\/\/museambiente.com.ar\/wp-content\/uploads\/2024\/09\/Centros-de-Mesa-12.jpg\u00bb title_text=\u00bbThe wedding table setting for the newlyweds is decorated with fresh flowers of carnation, rose, anthurium and eucalyptus leaves. Silver candlesticks, white candles. Wedding floristry. Closeup details\u00bb _builder_version=\u00bb4.27.0&#8243; locked=\u00bboff\u00bb global_colors_info=\u00bb{}\u00bb][\/et_pb_image][et_pb_image src=\u00bbhttp:\/\/museambiente.com.ar\/wp-content\/uploads\/2024\/09\/Centros-de-Mesa-06.jpg\u00bb title_text=\u00bbCentros de Mesa 06&#8243; _builder_version=\u00bb4.27.0&#8243; locked=\u00bboff\u00bb global_colors_info=\u00bb{}\u00bb][\/et_pb_image][\/et_pb_column][\/et_pb_row][\/et_pb_section][et_pb_section fb_built=\u00bb1&#8243; admin_label=\u00bbCTA\u00bb _builder_version=\u00bb4.16&#8243; global_colors_info=\u00bb{}\u00bb][et_pb_row _builder_version=\u00bb4.16&#8243; global_colors_info=\u00bb{}\u00bb][et_pb_column type=\u00bb4_4&#8243; _builder_version=\u00bb4.16&#8243; global_colors_info=\u00bb{}\u00bb][et_pb_button button_url=\u00bb@ET-DC@eyJkeW5hbWljIjp0cnVlLCJjb250ZW50IjoicG9zdF9saW5rX3VybF9wYWdlIiwic2V0dGluZ3MiOnsicG9zdF9pZCI6IjEzNyJ9fQ==@\u00bb button_text=\u00bbVolver a Servicios\u00bb button_alignment=\u00bbcenter\u00bb _builder_version=\u00bb4.27.0&#8243; _dynamic_attributes=\u00bbbutton_url\u00bb custom_button=\u00bbon\u00bb button_text_size=\u00bb12px\u00bb button_text_color=\u00bb#ffffff\u00bb button_bg_color=\u00bbgcid-secondary-color\u00bb button_bg_color_gradient_direction=\u00bb89deg\u00bb button_bg_color_gradient_stops=\u00bb#ffcfaa 0%|#fa6eb9 100%\u00bb button_bg_color_gradient_start=\u00bb#ffcfaa\u00bb button_bg_color_gradient_end=\u00bb#fa6eb9&#8243; button_border_width=\u00bb0px\u00bb button_border_radius=\u00bb100px\u00bb button_letter_spacing=\u00bb4px\u00bb button_font=\u00bb|700||on|||||\u00bb custom_padding=\u00bb20px|40px|20px|40px|true|true\u00bb box_shadow_style=\u00bbpreset3&#8243; box_shadow_vertical=\u00bb10px\u00bb box_shadow_blur=\u00bb20px\u00bb box_shadow_spread=\u00bb0px\u00bb box_shadow_color=\u00bbgcid-7c95d3ed-44c4-42e1-922e-e268c8106e5b\u00bb locked=\u00bboff\u00bb global_colors_info=\u00bb{%22gcid-secondary-color%22:%91%22button_bg_color%22%93,%22gcid-7c95d3ed-44c4-42e1-922e-e268c8106e5b%22:%91%22box_shadow_color%22%93}\u00bb][\/et_pb_button][\/et_pb_column][\/et_pb_row][\/et_pb_section]<\/p>\n","protected":false},"excerpt":{"rendered":"<p>Centros de Mesa Para todo tipo de CelebracionesDise\u00f1amos centros de mesa impactantes utilizando flores frescas o conservadas, adaptados espec\u00edficamente al tema de tu evento o al estilo de tu hogar. Desde arreglos sencillos hasta composiciones elaboradas, cada centro de mesa se personaliza para reflejar tus preferencias y el ambiente deseado. Integramos una variedad de elementos [&hellip;]<\/p>\n","protected":false},"author":1,"featured_media":0,"parent":0,"menu_order":0,"comment_status":"closed","ping_status":"closed","template":"","meta":{"_et_pb_use_builder":"on","_et_pb_old_content":"","_et_gb_content_width":"","footnotes":""},"class_list":["post-419","page","type-page","status-publish","hentry"],"_links":{"self":[{"href":"https:\/\/museambiente.com.ar\/index.php?rest_route=\/wp\/v2\/pages\/419","targetHints":{"allow":["GET"]}}],"collection":[{"href":"https:\/\/museambiente.com.ar\/index.php?rest_route=\/wp\/v2\/pages"}],"about":[{"href":"https:\/\/museambiente.com.ar\/index.php?rest_route=\/wp\/v2\/types\/page"}],"author":[{"embeddable":true,"href":"https:\/\/museambiente.com.ar\/index.php?rest_route=\/wp\/v2\/users\/1"}],"replies":[{"embeddable":true,"href":"https:\/\/museambiente.com.ar\/index.php?rest_route=%2Fwp%2Fv2%2Fcomments&post=419"}],"version-history":[{"count":21,"href":"https:\/\/museambiente.com.ar\/index.php?rest_route=\/wp\/v2\/pages\/419\/revisions"}],"predecessor-version":[{"id":1422,"href":"https:\/\/museambiente.com.ar\/index.php?rest_route=\/wp\/v2\/pages\/419\/revisions\/1422"}],"wp:attachment":[{"href":"https:\/\/museambiente.com.ar\/index.php?rest_route=%2Fwp%2Fv2%2Fmedia&parent=419"}],"curies":[{"name":"wp","href":"https:\/\/api.w.org\/{rel}","templated":true}]}}