{"id":244,"date":"2024-09-04T03:00:36","date_gmt":"2024-09-04T03:00:36","guid":{"rendered":"https:\/\/museambiente.com.ar\/?page_id=244"},"modified":"2024-09-12T17:42:38","modified_gmt":"2024-09-12T17:42:38","slug":"corporativos","status":"publish","type":"page","link":"https:\/\/museambiente.com.ar\/?page_id=244","title":{"rendered":"Corporativos"},"content":{"rendered":"<p>[et_pb_section fb_built=\u00bb1&#8243; admin_label=\u00bbHeader\u00bb _builder_version=\u00bb4.27.0&#8243; use_background_color_gradient=\u00bbon\u00bb background_color_gradient_direction=\u00bb140deg\u00bb background_color_gradient_stops=\u00bbrgba(242,242,242,0.91) 5%|rgba(222,220,209,0.66) 88%\u00bb background_color_gradient_overlays_image=\u00bbon\u00bb background_image=\u00bbhttp:\/\/museambiente.com.ar\/wp-content\/uploads\/2024\/09\/Corporativos-Header.webp\u00bb max_width=\u00bb90%\u00bb custom_padding=\u00bb6vw||6vw|10vw|true|false\u00bb box_shadow_style=\u00bbpreset4&#8243; box_shadow_horizontal=\u00bb30vw\u00bb box_shadow_vertical=\u00bb-15vw\u00bb box_shadow_color=\u00bbgcid-secondary-color\u00bb locked=\u00bboff\u00bb global_colors_info=\u00bb{%22gcid-secondary-color%22:%91%22box_shadow_color%22%93,%22gcid-primary-color%22:%91%22box_shadow_color%22%93}\u00bb][et_pb_row _builder_version=\u00bb4.16&#8243; width=\u00bb90%\u00bb max_width=\u00bbnone\u00bb locked=\u00bboff\u00bb global_colors_info=\u00bb{}\u00bb][et_pb_column type=\u00bb4_4&#8243; _builder_version=\u00bb4.16&#8243; global_colors_info=\u00bb{}\u00bb][et_pb_text _builder_version=\u00bb4.27.0&#8243; header_font=\u00bbPlayfair Display|700|||||||\u00bb header_font_size=\u00bb140px\u00bb header_line_height=\u00bb1.2em\u00bb header_2_font=\u00bbPlayfair Display|700|||||||\u00bb header_2_font_size=\u00bb20px\u00bb header_2_line_height=\u00bb1.2em\u00bb header_font_size_tablet=\u00bb80px\u00bb header_font_size_phone=\u00bb40px\u00bb header_font_size_last_edited=\u00bbon|phone\u00bb locked=\u00bboff\u00bb global_colors_info=\u00bb{}\u00bb]<\/p>\n<h1>Corporativos<\/h1>\n<p>[\/et_pb_text][\/et_pb_column][\/et_pb_row][\/et_pb_section][et_pb_section fb_built=\u00bb1&#8243; admin_label=\u00bbPortfolio\u00bb _builder_version=\u00bb4.27.0&#8243; background_enable_image=\u00bboff\u00bb background_size=\u00bbinitial\u00bb background_position=\u00bbcenter_right\u00bb background_last_edited=\u00bbon|phone\u00bb background_enable_image_tablet=\u00bboff\u00bb locked=\u00bboff\u00bb global_colors_info=\u00bb{}\u00bb][et_pb_row column_structure=\u00bb1_2,1_2&#8243; _builder_version=\u00bb4.16&#8243; global_colors_info=\u00bb{}\u00bb][et_pb_column type=\u00bb1_2&#8243; _builder_version=\u00bb4.16&#8243; global_colors_info=\u00bb{}\u00bb][et_pb_image src=\u00bbhttp:\/\/museambiente.com.ar\/wp-content\/uploads\/2024\/09\/Corporativos-Esp-verdes-macetas.webp\u00bb title_text=\u00bbCorporativos Esp verdes macetas\u00bb show_bottom_space=\u00bboff\u00bb _builder_version=\u00bb4.27.0&#8243; z_index=\u00bb11&#8243; global_colors_info=\u00bb{}\u00bb][\/et_pb_image][et_pb_button button_url=\u00bb@ET-DC@eyJkeW5hbWljIjp0cnVlLCJjb250ZW50IjoicG9zdF9saW5rX3VybF9wYWdlIiwic2V0dGluZ3MiOnsicG9zdF9pZCI6IjQ5MSJ9fQ==@\u00bb button_text=\u00bbM\u00e1s info\u00bb button_alignment=\u00bbright\u00bb _builder_version=\u00bb4.27.0&#8243; _dynamic_attributes=\u00bbbutton_url\u00bb custom_button=\u00bbon\u00bb button_text_size=\u00bb16px\u00bb button_text_color=\u00bb#ffffff\u00bb button_bg_color=\u00bbgcid-primary-color\u00bb button_border_width=\u00bb0px\u00bb button_border_radius=\u00bb0px\u00bb button_font=\u00bb|700|||||||\u00bb button_icon=\u00bb&#x24;||divi||400&#8243; button_on_hover=\u00bboff\u00bb transform_translate=\u00bb0px|-8px\u00bb transform_translate_linked=\u00bboff\u00bb custom_margin=\u00bb||||false|false\u00bb custom_padding=\u00bb10px|130px|4px|100px|false|false\u00bb locked=\u00bboff\u00bb global_colors_info=\u00bb{%22gcid-primary-color%22:%91%22button_bg_color%22%93}\u00bb custom_padding__hover_enabled=\u00bbon|hover\u00bb custom_padding__hover=\u00bb6px||8px||false|false\u00bb custom_margin__hover_enabled=\u00bboff|desktop\u00bb transform_styles__hover_enabled=\u00bbon|hover\u00bb transform_scale__hover_enabled=\u00bbon|hover\u00bb transform_translate__hover_enabled=\u00bbon|hover\u00bb transform_translate__hover=\u00bb0px|0px\u00bb][\/et_pb_button][\/et_pb_column][et_pb_column type=\u00bb1_2&#8243; _builder_version=\u00bb4.16&#8243; custom_padding=\u00bb30px||||false|false\u00bb custom_padding_tablet=\u00bb0px||||false|false\u00bb custom_padding_phone=\u00bb\u00bb custom_padding_last_edited=\u00bbon|tablet\u00bb global_colors_info=\u00bb{}\u00bb][et_pb_text _builder_version=\u00bb4.27.0&#8243; text_font_size=\u00bb16px\u00bb text_line_height=\u00bb2em\u00bb header_font=\u00bb||||||||\u00bb header_3_font=\u00bbPlayfair Display|700|||||||\u00bb header_3_font_size=\u00bb24px\u00bb header_3_line_height=\u00bb1.6em\u00bb header_4_font=\u00bb|700|||||||\u00bb header_4_text_color=\u00bbgcid-secondary-color\u00bb header_4_font_size=\u00bb16px\u00bb header_4_line_height=\u00bb1.4em\u00bb max_width=\u00bb800px\u00bb text_font_size_tablet=\u00bb\u00bb text_font_size_phone=\u00bb16px\u00bb text_font_size_last_edited=\u00bbon|phone\u00bb header_3_font_size_tablet=\u00bb\u00bb header_3_font_size_phone=\u00bb\u00bb header_3_font_size_last_edited=\u00bbon|desktop\u00bb locked=\u00bboff\u00bb global_colors_info=\u00bb{%22gcid-secondary-color%22:%91%22header_4_text_color%22%93}\u00bb]<\/p>\n<h4>Oficinas, Empresas e Instituciones<\/h4>\n<h3>Espacios Verdes y Macetas<\/h3>\n<p>Creamos y dise\u00f1amos espacios verdes para oficinas y espacios corporativos, utilizando maceteros decorativos y grandes como divisores de ambiente. Ofrecemos jardines interiores y exteriores, jardines colgantes, fuentes de agua y conceptos de relajaci\u00f3n zen para transformar cualquier entorno corporativo con frescura y elegancia.<\/p>\n<p>[\/et_pb_text][\/et_pb_column][\/et_pb_row][et_pb_row column_structure=\u00bb1_2,1_2&#8243; _builder_version=\u00bb4.16&#8243; global_colors_info=\u00bb{}\u00bb][et_pb_column type=\u00bb1_2&#8243; _builder_version=\u00bb4.16&#8243; global_colors_info=\u00bb{}\u00bb][et_pb_image src=\u00bbhttp:\/\/museambiente.com.ar\/wp-content\/uploads\/2024\/09\/Corporativos-Ambientacion.webp\u00bb title_text=\u00bbCorporativos Ambientacion\u00bb show_bottom_space=\u00bboff\u00bb _builder_version=\u00bb4.27.0&#8243; z_index=\u00bb11&#8243; global_colors_info=\u00bb{}\u00bb][\/et_pb_image][et_pb_button button_url=\u00bb@ET-DC@eyJkeW5hbWljIjp0cnVlLCJjb250ZW50IjoicG9zdF9saW5rX3VybF9wYWdlIiwic2V0dGluZ3MiOnsicG9zdF9pZCI6IjQ2NSJ9fQ==@\u00bb button_text=\u00bbM\u00e1s info\u00bb button_alignment=\u00bbright\u00bb _builder_version=\u00bb4.27.0&#8243; _dynamic_attributes=\u00bbbutton_url\u00bb custom_button=\u00bbon\u00bb button_text_size=\u00bb16px\u00bb button_text_color=\u00bb#ffffff\u00bb button_bg_color=\u00bbgcid-primary-color\u00bb button_border_width=\u00bb0px\u00bb button_border_radius=\u00bb0px\u00bb button_font=\u00bb|700|||||||\u00bb button_icon=\u00bb&#x24;||divi||400&#8243; button_on_hover=\u00bboff\u00bb transform_translate=\u00bb0px|-8px\u00bb transform_translate_linked=\u00bboff\u00bb custom_margin=\u00bb||||false|false\u00bb custom_padding=\u00bb10px|130px|4px|100px|false|false\u00bb locked=\u00bboff\u00bb global_colors_info=\u00bb{%22gcid-primary-color%22:%91%22button_bg_color%22%93}\u00bb custom_padding__hover_enabled=\u00bbon|hover\u00bb custom_padding__hover=\u00bb6px||8px||false|false\u00bb custom_margin__hover_enabled=\u00bboff|desktop\u00bb transform_styles__hover_enabled=\u00bbon|hover\u00bb transform_scale__hover_enabled=\u00bbon|hover\u00bb transform_translate__hover_enabled=\u00bbon|hover\u00bb transform_translate__hover=\u00bb0px|0px\u00bb][\/et_pb_button][\/et_pb_column][et_pb_column type=\u00bb1_2&#8243; _builder_version=\u00bb4.16&#8243; custom_padding=\u00bb30px||||false|false\u00bb custom_padding_tablet=\u00bb0px||||false|false\u00bb custom_padding_phone=\u00bb\u00bb custom_padding_last_edited=\u00bbon|tablet\u00bb global_colors_info=\u00bb{}\u00bb][et_pb_text _builder_version=\u00bb4.27.0&#8243; text_font_size=\u00bb16px\u00bb text_line_height=\u00bb2em\u00bb header_font=\u00bb||||||||\u00bb header_3_font=\u00bbPlayfair Display|700|||||||\u00bb header_3_font_size=\u00bb24px\u00bb header_3_line_height=\u00bb1.6em\u00bb header_4_font=\u00bb|700|||||||\u00bb header_4_text_color=\u00bbgcid-secondary-color\u00bb header_4_font_size=\u00bb16px\u00bb header_4_line_height=\u00bb1.4em\u00bb max_width=\u00bb800px\u00bb text_font_size_tablet=\u00bb\u00bb text_font_size_phone=\u00bb16px\u00bb text_font_size_last_edited=\u00bbon|phone\u00bb header_3_font_size_tablet=\u00bb\u00bb header_3_font_size_phone=\u00bb\u00bb header_3_font_size_last_edited=\u00bbon|desktop\u00bb locked=\u00bboff\u00bb global_colors_info=\u00bb{%22gcid-secondary-color%22:%91%22header_4_text_color%22%93}\u00bb]<\/p>\n<h4>Instituciones y Oficinas<\/h4>\n<h3>Dise\u00f1o Interior en Instituciones y Oficinas<\/h3>\n<p>Creamos espacios \u00fanicos y funcionales para oficinas, empresas, instituciones y colegios, adaptando mobiliario y decoraci\u00f3n a las necesidades espec\u00edficas de cada entorno. Transformamos cada ambiente para reflejar el estilo y objetivos de su organizaci\u00f3n.<\/p>\n<p>[\/et_pb_text][\/et_pb_column][\/et_pb_row][et_pb_row column_structure=\u00bb1_2,1_2&#8243; _builder_version=\u00bb4.16&#8243; global_colors_info=\u00bb{}\u00bb][et_pb_column type=\u00bb1_2&#8243; _builder_version=\u00bb4.16&#8243; global_colors_info=\u00bb{}\u00bb][et_pb_image src=\u00bbhttp:\/\/museambiente.com.ar\/wp-content\/uploads\/2024\/09\/Corporativos-Carteleria.webp\u00bb title_text=\u00bbCorporativos Carteleria\u00bb show_bottom_space=\u00bboff\u00bb _builder_version=\u00bb4.27.0&#8243; z_index=\u00bb11&#8243; global_colors_info=\u00bb{}\u00bb][\/et_pb_image][et_pb_button button_url=\u00bb@ET-DC@eyJkeW5hbWljIjp0cnVlLCJjb250ZW50IjoicG9zdF9saW5rX3VybF9wYWdlIiwic2V0dGluZ3MiOnsicG9zdF9pZCI6IjQ3MiJ9fQ==@\u00bb button_text=\u00bbM\u00e1s info\u00bb button_alignment=\u00bbright\u00bb _builder_version=\u00bb4.27.0&#8243; _dynamic_attributes=\u00bbbutton_url\u00bb custom_button=\u00bbon\u00bb button_text_size=\u00bb16px\u00bb button_text_color=\u00bb#ffffff\u00bb button_bg_color=\u00bbgcid-primary-color\u00bb button_border_width=\u00bb0px\u00bb button_border_radius=\u00bb0px\u00bb button_font=\u00bb|700|||||||\u00bb button_icon=\u00bb&#x24;||divi||400&#8243; button_on_hover=\u00bboff\u00bb transform_translate=\u00bb0px|-8px\u00bb transform_translate_linked=\u00bboff\u00bb custom_margin=\u00bb||||false|false\u00bb custom_padding=\u00bb10px|130px|4px|100px|false|false\u00bb locked=\u00bboff\u00bb global_colors_info=\u00bb{%22gcid-primary-color%22:%91%22button_bg_color%22%93}\u00bb custom_padding__hover_enabled=\u00bbon|hover\u00bb custom_padding__hover=\u00bb6px||8px||false|false\u00bb custom_margin__hover_enabled=\u00bboff|desktop\u00bb transform_styles__hover_enabled=\u00bbon|hover\u00bb transform_translate__hover=\u00bb0px|0px\u00bb transform_translate__hover_enabled=\u00bbon|hover\u00bb transform_scale__hover_enabled=\u00bbon|hover\u00bb][\/et_pb_button][\/et_pb_column][et_pb_column type=\u00bb1_2&#8243; _builder_version=\u00bb4.16&#8243; custom_padding=\u00bb30px||||false|false\u00bb custom_padding_tablet=\u00bb0px||||false|false\u00bb custom_padding_phone=\u00bb\u00bb custom_padding_last_edited=\u00bbon|tablet\u00bb global_colors_info=\u00bb{}\u00bb][et_pb_text _builder_version=\u00bb4.27.0&#8243; text_font_size=\u00bb16px\u00bb text_line_height=\u00bb2em\u00bb header_font=\u00bb||||||||\u00bb header_3_font=\u00bbPlayfair Display|700|||||||\u00bb header_3_font_size=\u00bb24px\u00bb header_3_line_height=\u00bb1.6em\u00bb header_4_font=\u00bb|700|||||||\u00bb header_4_text_color=\u00bbgcid-secondary-color\u00bb header_4_font_size=\u00bb16px\u00bb header_4_line_height=\u00bb1.4em\u00bb max_width=\u00bb800px\u00bb text_font_size_tablet=\u00bb\u00bb text_font_size_phone=\u00bb16px\u00bb text_font_size_last_edited=\u00bbon|phone\u00bb header_3_font_size_tablet=\u00bb\u00bb header_3_font_size_phone=\u00bb\u00bb header_3_font_size_last_edited=\u00bbon|desktop\u00bb locked=\u00bboff\u00bb global_colors_info=\u00bb{%22gcid-secondary-color%22:%91%22header_4_text_color%22%93}\u00bb]<\/p>\n<h4>Oficinas, Empresas e Instituciones<\/h4>\n<h3>Carteler\u00eda Institucional Personalizada<\/h3>\n<p>Dise\u00f1amos carteler\u00eda institucional personalizada para oficinas, empresas, instituciones y colegios, integrando logos y marcas de manera coherente y profesional. Nuestra propuesta incluye desde se\u00f1ales informativas hasta elementos decorativos, adaptados a las necesidades y estilo de cada organizaci\u00f3n.<\/p>\n<p>[\/et_pb_text][\/et_pb_column][\/et_pb_row][et_pb_row column_structure=\u00bb1_2,1_2&#8243; _builder_version=\u00bb4.16&#8243; global_colors_info=\u00bb{}\u00bb][et_pb_column type=\u00bb1_2&#8243; _builder_version=\u00bb4.16&#8243; global_colors_info=\u00bb{}\u00bb][et_pb_image src=\u00bbhttp:\/\/museambiente.com.ar\/wp-content\/uploads\/2024\/09\/Corporativos-Areas-distintivas.webp\u00bb title_text=\u00bbCorporativos Areas distintivas\u00bb show_bottom_space=\u00bboff\u00bb _builder_version=\u00bb4.27.0&#8243; z_index=\u00bb11&#8243; global_colors_info=\u00bb{}\u00bb][\/et_pb_image][et_pb_button button_url=\u00bb@ET-DC@eyJkeW5hbWljIjp0cnVlLCJjb250ZW50IjoicG9zdF9saW5rX3VybF9wYWdlIiwic2V0dGluZ3MiOnsicG9zdF9pZCI6IjQ3NyJ9fQ==@\u00bb button_text=\u00bbM\u00e1s info\u00bb button_alignment=\u00bbright\u00bb _builder_version=\u00bb4.27.0&#8243; _dynamic_attributes=\u00bbbutton_url\u00bb custom_button=\u00bbon\u00bb button_text_size=\u00bb16px\u00bb button_text_color=\u00bb#ffffff\u00bb button_bg_color=\u00bbgcid-primary-color\u00bb button_border_width=\u00bb0px\u00bb button_border_radius=\u00bb0px\u00bb button_font=\u00bb|700|||||||\u00bb button_icon=\u00bb&#x24;||divi||400&#8243; button_on_hover=\u00bboff\u00bb transform_translate=\u00bb0px|-8px\u00bb transform_translate_linked=\u00bboff\u00bb custom_margin=\u00bb||||false|false\u00bb custom_padding=\u00bb10px|130px|4px|100px|false|false\u00bb locked=\u00bboff\u00bb global_colors_info=\u00bb{%22gcid-primary-color%22:%91%22button_bg_color%22%93}\u00bb custom_padding__hover_enabled=\u00bbon|hover\u00bb custom_padding__hover=\u00bb6px||8px||false|false\u00bb custom_margin__hover_enabled=\u00bboff|desktop\u00bb transform_styles__hover_enabled=\u00bbon|hover\u00bb transform_scale__hover_enabled=\u00bbon|hover\u00bb transform_translate__hover_enabled=\u00bbon|hover\u00bb transform_translate__hover=\u00bb0px|0px\u00bb][\/et_pb_button][\/et_pb_column][et_pb_column type=\u00bb1_2&#8243; _builder_version=\u00bb4.16&#8243; custom_padding=\u00bb30px||||false|false\u00bb custom_padding_tablet=\u00bb0px||||false|false\u00bb custom_padding_phone=\u00bb\u00bb custom_padding_last_edited=\u00bbon|tablet\u00bb global_colors_info=\u00bb{}\u00bb][et_pb_text _builder_version=\u00bb4.27.0&#8243; text_font_size=\u00bb16px\u00bb text_line_height=\u00bb2em\u00bb header_font=\u00bb||||||||\u00bb header_3_font=\u00bbPlayfair Display|700|||||||\u00bb header_3_font_size=\u00bb24px\u00bb header_3_line_height=\u00bb1.6em\u00bb header_4_font=\u00bb|700|||||||\u00bb header_4_text_color=\u00bbgcid-secondary-color\u00bb header_4_font_size=\u00bb16px\u00bb header_4_line_height=\u00bb1.4em\u00bb max_width=\u00bb800px\u00bb link_option_url=\u00bb#\u00bb text_font_size_tablet=\u00bb\u00bb text_font_size_phone=\u00bb16px\u00bb text_font_size_last_edited=\u00bbon|phone\u00bb header_3_font_size_tablet=\u00bb\u00bb header_3_font_size_phone=\u00bb\u00bb header_3_font_size_last_edited=\u00bbon|desktop\u00bb locked=\u00bboff\u00bb global_colors_info=\u00bb{%22gcid-secondary-color%22:%91%22header_4_text_color%22%93}\u00bb]<\/p>\n<h4>Empresas, Instituciones, SUM Edificio<\/h4>\n<h3>\u00c1reas Distintivas<\/h3>\n<p>Dise\u00f1amos y ambientamos sectores especiales como salas de reuni\u00f3n, \u00e1reas de recepci\u00f3n, zonas de esparcimiento, as\u00ed como Lobby y Sal\u00f3n de Usos M\u00faltiples (SUM) de edificios. Adaptamos la decoraci\u00f3n y el mobiliario a la funci\u00f3n espec\u00edfica de cada \u00e1rea, mejorando tanto la funcionalidad como la est\u00e9tica del espacio.<\/p>\n<p>[\/et_pb_text][\/et_pb_column][\/et_pb_row][et_pb_row column_structure=\u00bb1_2,1_2&#8243; disabled_on=\u00bbon|on|on\u00bb _builder_version=\u00bb4.16&#8243; disabled=\u00bbon\u00bb global_colors_info=\u00bb{}\u00bb][et_pb_column type=\u00bb1_2&#8243; _builder_version=\u00bb4.16&#8243; global_colors_info=\u00bb{}\u00bb][et_pb_image src=\u00bbhttp:\/\/museambiente.com.ar\/wp-content\/uploads\/2024\/09\/event-planner_59.jpg\u00bb show_bottom_space=\u00bboff\u00bb _builder_version=\u00bb4.16&#8243; z_index=\u00bb11&#8243; global_colors_info=\u00bb{}\u00bb][\/et_pb_image][et_pb_button button_url=\u00bb@ET-DC@eyJkeW5hbWljIjp0cnVlLCJjb250ZW50IjoicG9zdF9saW5rX3VybF9wYWdlIiwic2V0dGluZ3MiOnsicG9zdF9pZCI6IjQ4MyJ9fQ==@\u00bb button_text=\u00bbM\u00e1s info\u00bb button_alignment=\u00bbright\u00bb _builder_version=\u00bb4.27.0&#8243; _dynamic_attributes=\u00bbbutton_url\u00bb custom_button=\u00bbon\u00bb button_text_size=\u00bb16px\u00bb button_text_color=\u00bb#ffffff\u00bb button_bg_color=\u00bbgcid-primary-color\u00bb button_border_width=\u00bb0px\u00bb button_border_radius=\u00bb0px\u00bb button_font=\u00bb|700|||||||\u00bb button_icon=\u00bb&#x24;||divi||400&#8243; button_on_hover=\u00bboff\u00bb transform_translate=\u00bb0px|-8px\u00bb transform_translate_linked=\u00bboff\u00bb custom_margin=\u00bb||||false|false\u00bb custom_padding=\u00bb10px|130px|4px|100px|false|false\u00bb locked=\u00bboff\u00bb global_colors_info=\u00bb{%22gcid-primary-color%22:%91%22button_bg_color%22%93}\u00bb custom_padding__hover_enabled=\u00bbon|hover\u00bb custom_padding__hover=\u00bb6px||8px||false|false\u00bb custom_margin__hover_enabled=\u00bboff|desktop\u00bb transform_styles__hover_enabled=\u00bbon|hover\u00bb transform_scale__hover_enabled=\u00bbon|hover\u00bb transform_translate__hover_enabled=\u00bbon|hover\u00bb transform_translate__hover=\u00bb0px|0px\u00bb][\/et_pb_button][\/et_pb_column][et_pb_column type=\u00bb1_2&#8243; _builder_version=\u00bb4.16&#8243; custom_padding=\u00bb30px||||false|false\u00bb custom_padding_tablet=\u00bb0px||||false|false\u00bb custom_padding_phone=\u00bb\u00bb custom_padding_last_edited=\u00bbon|tablet\u00bb global_colors_info=\u00bb{}\u00bb][et_pb_text _builder_version=\u00bb4.27.0&#8243; text_font_size=\u00bb16px\u00bb text_line_height=\u00bb2em\u00bb header_font=\u00bb||||||||\u00bb header_3_font=\u00bbPlayfair Display|700|||||||\u00bb header_3_font_size=\u00bb24px\u00bb header_3_line_height=\u00bb1.6em\u00bb header_4_font=\u00bb|700|||||||\u00bb header_4_text_color=\u00bbgcid-secondary-color\u00bb header_4_font_size=\u00bb16px\u00bb header_4_line_height=\u00bb1.4em\u00bb max_width=\u00bb800px\u00bb text_font_size_tablet=\u00bb\u00bb text_font_size_phone=\u00bb16px\u00bb text_font_size_last_edited=\u00bbon|phone\u00bb header_3_font_size_tablet=\u00bb\u00bb header_3_font_size_phone=\u00bb\u00bb header_3_font_size_last_edited=\u00bbon|desktop\u00bb locked=\u00bboff\u00bb global_colors_info=\u00bb{%22gcid-secondary-color%22:%91%22header_4_text_color%22%93}\u00bb]<\/p>\n<h4>Oficinas, Empresas e Instituciones<\/h4>\n<h3>Equipamiento<\/h3>\n<p>Ofrecemos una selecci\u00f3n de mobiliario adaptado a cada tipo de espacio corporativo. Desde sillas y mesas elegantes para oficinas hasta mobiliario especializado para espacios comerciales, nuestro servicio de venta y alquiler asegura que cada detalle est\u00e9 perfectamente coordinado con el estilo y la funcionalidad deseada.<\/p>\n<p>[\/et_pb_text][\/et_pb_column][\/et_pb_row][\/et_pb_section]<\/p>\n","protected":false},"excerpt":{"rendered":"<p>CorporativosOficinas, Empresas e Instituciones Espacios Verdes y Macetas Creamos y dise\u00f1amos espacios verdes para oficinas y espacios corporativos, utilizando maceteros decorativos y grandes como divisores de ambiente. Ofrecemos jardines interiores y exteriores, jardines colgantes, fuentes de agua y conceptos de relajaci\u00f3n zen para transformar cualquier entorno corporativo con frescura y elegancia.Instituciones y Oficinas Dise\u00f1o Interior [&hellip;]<\/p>\n","protected":false},"author":1,"featured_media":0,"parent":0,"menu_order":0,"comment_status":"closed","ping_status":"closed","template":"","meta":{"_et_pb_use_builder":"on","_et_pb_old_content":"","_et_gb_content_width":"","footnotes":""},"class_list":["post-244","page","type-page","status-publish","hentry"],"_links":{"self":[{"href":"https:\/\/museambiente.com.ar\/index.php?rest_route=\/wp\/v2\/pages\/244","targetHints":{"allow":["GET"]}}],"collection":[{"href":"https:\/\/museambiente.com.ar\/index.php?rest_route=\/wp\/v2\/pages"}],"about":[{"href":"https:\/\/museambiente.com.ar\/index.php?rest_route=\/wp\/v2\/types\/page"}],"author":[{"embeddable":true,"href":"https:\/\/museambiente.com.ar\/index.php?rest_route=\/wp\/v2\/users\/1"}],"replies":[{"embeddable":true,"href":"https:\/\/museambiente.com.ar\/index.php?rest_route=%2Fwp%2Fv2%2Fcomments&post=244"}],"version-history":[{"count":29,"href":"https:\/\/museambiente.com.ar\/index.php?rest_route=\/wp\/v2\/pages\/244\/revisions"}],"predecessor-version":[{"id":1581,"href":"https:\/\/museambiente.com.ar\/index.php?rest_route=\/wp\/v2\/pages\/244\/revisions\/1581"}],"wp:attachment":[{"href":"https:\/\/museambiente.com.ar\/index.php?rest_route=%2Fwp%2Fv2%2Fmedia&parent=244"}],"curies":[{"name":"wp","href":"https:\/\/api.w.org\/{rel}","templated":true}]}}