{"id":120,"date":"2024-09-03T22:00:44","date_gmt":"2024-09-03T22:00:44","guid":{"rendered":"https:\/\/museambiente.com.ar\/?page_id=120"},"modified":"2024-09-06T20:50:30","modified_gmt":"2024-09-06T20:50:30","slug":"sobre-nosotros","status":"publish","type":"page","link":"https:\/\/museambiente.com.ar\/?page_id=120","title":{"rendered":"Sobre Nosotros"},"content":{"rendered":"<p>[et_pb_section fb_built=\u00bb1&#8243; admin_label=\u00bbHeader\u00bb _builder_version=\u00bb4.27.0&#8243; use_background_color_gradient=\u00bbon\u00bb background_color_gradient_direction=\u00bb140deg\u00bb background_color_gradient_stops=\u00bb#ffffff 0%|rgba(255,255,255,0.62) 100%\u00bb background_color_gradient_overlays_image=\u00bbon\u00bb background_color_gradient_start=\u00bb#ffffff\u00bb background_color_gradient_end=\u00bbrgba(255,255,255,0.62)\u00bb background_image=\u00bbhttp:\/\/museambiente.com.ar\/wp-content\/uploads\/2024\/09\/Sobre-Nosotros-Header-01.webp\u00bb max_width=\u00bb90%\u00bb custom_padding=\u00bb6vw||6vw|10vw|true|false\u00bb hover_enabled=\u00bb0&#8243; box_shadow_style=\u00bbpreset4&#8243; box_shadow_horizontal=\u00bb30vw\u00bb box_shadow_vertical=\u00bb-15vw\u00bb box_shadow_color=\u00bbgcid-secondary-color\u00bb locked=\u00bboff\u00bb global_colors_info=\u00bb{%22gcid-secondary-color%22:%91%22box_shadow_color%22%93}\u00bb title_text=\u00bbSobre Nosotros Header 01&#8243; sticky_enabled=\u00bb0&#8243;][et_pb_row _builder_version=\u00bb4.16&#8243; width=\u00bb90%\u00bb max_width=\u00bbnone\u00bb locked=\u00bboff\u00bb global_colors_info=\u00bb{}\u00bb][et_pb_column type=\u00bb4_4&#8243; _builder_version=\u00bb4.16&#8243; global_colors_info=\u00bb{}\u00bb][et_pb_text _builder_version=\u00bb4.27.0&#8243; header_font=\u00bbPlayfair Display|700|||||||\u00bb header_font_size=\u00bb140px\u00bb header_line_height=\u00bb1.2em\u00bb header_2_font=\u00bbPlayfair Display|700|||||||\u00bb header_2_font_size=\u00bb20px\u00bb header_2_line_height=\u00bb1.2em\u00bb header_font_size_tablet=\u00bb80px\u00bb header_font_size_phone=\u00bb40px\u00bb header_font_size_last_edited=\u00bbon|phone\u00bb locked=\u00bboff\u00bb global_colors_info=\u00bb{}\u00bb]<\/p>\n<h1>Visi\u00f3n Creativa<\/h1>\n<p>[\/et_pb_text][\/et_pb_column][\/et_pb_row][\/et_pb_section][et_pb_section fb_built=\u00bb1&#8243; admin_label=\u00bbAbout\u00bb _builder_version=\u00bb4.16&#8243; background_image=\u00bbhttp:\/\/museambiente.com.ar\/wp-content\/uploads\/2024\/09\/event-planner_63.png\u00bb background_size=\u00bbinitial\u00bb global_colors_info=\u00bb{}\u00bb][et_pb_row _builder_version=\u00bb4.16&#8243; custom_padding=\u00bb||0px|||\u00bb global_colors_info=\u00bb{}\u00bb][et_pb_column type=\u00bb4_4&#8243; _builder_version=\u00bb4.16&#8243; global_colors_info=\u00bb{}\u00bb][et_pb_text _builder_version=\u00bb4.27.0&#8243; text_font_size=\u00bb16px\u00bb text_line_height=\u00bb2em\u00bb header_font=\u00bb||||||||\u00bb header_3_font=\u00bbPlayfair Display|700|||||||\u00bb header_3_font_size=\u00bb50px\u00bb header_3_line_height=\u00bb1.2em\u00bb max_width=\u00bb800px\u00bb text_font_size_phone=\u00bb16px\u00bb text_font_size_last_edited=\u00bboff|desktop\u00bb header_3_font_size_tablet=\u00bb40px\u00bb header_3_font_size_phone=\u00bb30px\u00bb header_3_font_size_last_edited=\u00bbon|phone\u00bb locked=\u00bboff\u00bb global_colors_info=\u00bb{}\u00bb]<\/p>\n<h3>Transformamos espacios en experiencias \u00fanicas<\/h3>\n<p>[\/et_pb_text][\/et_pb_column][\/et_pb_row][et_pb_row column_structure=\u00bb1_2,1_2&#8243; _builder_version=\u00bb4.16&#8243; global_colors_info=\u00bb{}\u00bb][et_pb_column type=\u00bb1_2&#8243; _builder_version=\u00bb4.16&#8243; global_colors_info=\u00bb{}\u00bb][et_pb_text _builder_version=\u00bb4.27.0&#8243; text_font_size=\u00bb16px\u00bb text_line_height=\u00bb2em\u00bb header_font=\u00bb||||||||\u00bb header_3_font=\u00bbPlayfair Display|700|||||||\u00bb header_3_font_size=\u00bb50px\u00bb header_3_line_height=\u00bb1.2em\u00bb text_font_size_tablet=\u00bb\u00bb text_font_size_phone=\u00bb16px\u00bb text_font_size_last_edited=\u00bbon|phone\u00bb header_3_font_size_tablet=\u00bb40px\u00bb header_3_font_size_phone=\u00bb30px\u00bb header_3_font_size_last_edited=\u00bbon|phone\u00bb locked=\u00bboff\u00bb global_colors_info=\u00bb{}\u00bb]<\/p>\n<p>En Muse Ambiente, nos especializamos en crear espacios que capturan la esencia y emoci\u00f3n de cada celebraci\u00f3n, proyecto comercial o dise\u00f1o interior. Con m\u00e1s de una d\u00e9cada de experiencia en decoraci\u00f3n de fiestas, eventos, florister\u00eda y dise\u00f1o de interiores, nuestro equipo transforma ambientes mediante un enfoque integral, que abarca desde el concepto inicial hasta la ejecuci\u00f3n final. Nuestro objetivo es ofrecer resultados que reflejen la personalidad y el prop\u00f3sito de cada cliente, garantizando que cada detalle est\u00e9 en perfecta armon\u00eda con su visi\u00f3n.<\/p>\n<p>[\/et_pb_text][\/et_pb_column][et_pb_column type=\u00bb1_2&#8243; _builder_version=\u00bb4.16&#8243; global_colors_info=\u00bb{}\u00bb][et_pb_text _builder_version=\u00bb4.27.0&#8243; text_font_size=\u00bb16px\u00bb text_line_height=\u00bb2em\u00bb header_font=\u00bb||||||||\u00bb header_3_font=\u00bbPlayfair Display|700|||||||\u00bb header_3_font_size=\u00bb50px\u00bb header_3_line_height=\u00bb1.2em\u00bb text_font_size_tablet=\u00bb\u00bb text_font_size_phone=\u00bb16px\u00bb text_font_size_last_edited=\u00bbon|phone\u00bb header_3_font_size_tablet=\u00bb40px\u00bb header_3_font_size_phone=\u00bb30px\u00bb header_3_font_size_last_edited=\u00bbon|phone\u00bb locked=\u00bboff\u00bb global_colors_info=\u00bb{}\u00bb]<\/p>\n<p>Nuestra pasi\u00f3n por la naturaleza se manifiesta en el uso de plantas, flores y elementos decorativos para dise\u00f1ar ambientes que sean visualmente impactantes. Desde altares de boda adornados con telas y flores hasta la ambientaci\u00f3n de restaurantes con estilos regionales aut\u00e9nticos y la creaci\u00f3n de sets de fotos \u00fanicos para eventos especiales, cada proyecto infunde vida y car\u00e1cter en cada rinc\u00f3n. Nos enorgullece proporcionar un servicio personalizado que asegura que cada dise\u00f1o sea un reflejo aut\u00e9ntico del estilo y visi\u00f3n del cliente.<\/p>\n<p>[\/et_pb_text][\/et_pb_column][\/et_pb_row][et_pb_row column_structure=\u00bb1_2,1_2&#8243; use_custom_gutter=\u00bbon\u00bb gutter_width=\u00bb1&#8243; _builder_version=\u00bb4.27.0&#8243; global_colors_info=\u00bb{}\u00bb][et_pb_column type=\u00bb1_2&#8243; _builder_version=\u00bb4.16&#8243; global_colors_info=\u00bb{}\u00bb][et_pb_image src=\u00bbhttp:\/\/museambiente.com.ar\/wp-content\/uploads\/2024\/09\/Sobre-Nosotros-Ale.webp\u00bb title_text=\u00bbSobre Nosotros Ale\u00bb _builder_version=\u00bb4.27.0&#8243; custom_margin=\u00bb|||-10vw|false|false\u00bb hover_enabled=\u00bb0&#8243; global_colors_info=\u00bb{}\u00bb sticky_enabled=\u00bb0&#8243;][\/et_pb_image][\/et_pb_column][et_pb_column type=\u00bb1_2&#8243; _builder_version=\u00bb4.27.0&#8243; background_color=\u00bbgcid-7c95d3ed-44c4-42e1-922e-e268c8106e5b\u00bb custom_padding=\u00bb100px|50px|100px|50px|true|true\u00bb global_colors_info=\u00bb{%22gcid-7c95d3ed-44c4-42e1-922e-e268c8106e5b%22:%91%22background_color%22%93}\u00bb][et_pb_text _builder_version=\u00bb4.27.0&#8243; text_font_size=\u00bb16px\u00bb text_line_height=\u00bb1.8em\u00bb header_font=\u00bb||||||||\u00bb header_3_font=\u00bbPlayfair Display|700|||||||\u00bb header_3_font_size=\u00bb50px\u00bb header_3_line_height=\u00bb1.2em\u00bb max_width=\u00bb600px\u00bb max_width_last_edited=\u00bboff|phone\u00bb text_font_size_phone=\u00bb16px\u00bb text_font_size_last_edited=\u00bboff|desktop\u00bb header_3_font_size_tablet=\u00bb40px\u00bb header_3_font_size_phone=\u00bb30px\u00bb header_3_font_size_last_edited=\u00bbon|phone\u00bb locked=\u00bboff\u00bb global_colors_info=\u00bb{}\u00bb]<\/p>\n<h3>Sobre Nosotros<\/h3>\n<p>[\/et_pb_text][et_pb_text _builder_version=\u00bb4.27.0&#8243; text_line_height=\u00bb1.8em\u00bb header_3_font=\u00bbPlayfair Display|700|||||||\u00bb header_3_font_size=\u00bb24px\u00bb header_3_line_height=\u00bb1.2em\u00bb custom_margin=\u00bb30px|||||\u00bb global_colors_info=\u00bb{}\u00bb]<\/p>\n<p>Muse Ambiente ha recorrido un camino de constante evoluci\u00f3n desde sus inicios, destac\u00e1ndose por su capacidad para adaptarse y crecer. Desde sus comienzos en la florister\u00eda y decoraci\u00f3n, la empresa ha ampliado su enfoque hacia el dise\u00f1o de interiores y la ambientaci\u00f3n de locales gastron\u00f3micos. Esta transformaci\u00f3n ha permitido a Muse Ambiente ofrecer soluciones innovadoras en la ambientaci\u00f3n de eventos corporativos y comerciales, logrando un importante crecimiento en este sector.<br \/>En Muse Ambiente, nos apasiona transformar espacios con creatividad y precisi\u00f3n, manteniendo una atenci\u00f3n personalizada en cada proyecto. Nos enorgullece ofrecer un servicio adaptado a las necesidades y gustos de nuestros clientes, manteniendo altos est\u00e1ndares de calidad en todas nuestras creaciones. Nuestros logros incluyen la ambientaci\u00f3n de eventos importantes y la implementaci\u00f3n de innovaciones que han elevado nuestra reputaci\u00f3n en el sector. Estamos comprometidos en seguir creando ambientes \u00fanicos que reflejen la esencia y personalidad de cada cliente.<\/p>\n<p>[\/et_pb_text][\/et_pb_column][\/et_pb_row][\/et_pb_section]<\/p>\n","protected":false},"excerpt":{"rendered":"<p>Visi\u00f3n CreativaTransformamos espacios en experiencias \u00fanicasEn Muse Ambiente, nos especializamos en crear espacios que capturan la esencia y emoci\u00f3n de cada celebraci\u00f3n, proyecto comercial o dise\u00f1o interior. Con m\u00e1s de una d\u00e9cada de experiencia en decoraci\u00f3n de fiestas, eventos, florister\u00eda y dise\u00f1o de interiores, nuestro equipo transforma ambientes mediante un enfoque integral, que abarca desde [&hellip;]<\/p>\n","protected":false},"author":1,"featured_media":0,"parent":0,"menu_order":0,"comment_status":"closed","ping_status":"closed","template":"","meta":{"_et_pb_use_builder":"on","_et_pb_old_content":"","_et_gb_content_width":"","footnotes":""},"class_list":["post-120","page","type-page","status-publish","hentry"],"_links":{"self":[{"href":"https:\/\/museambiente.com.ar\/index.php?rest_route=\/wp\/v2\/pages\/120","targetHints":{"allow":["GET"]}}],"collection":[{"href":"https:\/\/museambiente.com.ar\/index.php?rest_route=\/wp\/v2\/pages"}],"about":[{"href":"https:\/\/museambiente.com.ar\/index.php?rest_route=\/wp\/v2\/types\/page"}],"author":[{"embeddable":true,"href":"https:\/\/museambiente.com.ar\/index.php?rest_route=\/wp\/v2\/users\/1"}],"replies":[{"embeddable":true,"href":"https:\/\/museambiente.com.ar\/index.php?rest_route=%2Fwp%2Fv2%2Fcomments&post=120"}],"version-history":[{"count":15,"href":"https:\/\/museambiente.com.ar\/index.php?rest_route=\/wp\/v2\/pages\/120\/revisions"}],"predecessor-version":[{"id":1255,"href":"https:\/\/museambiente.com.ar\/index.php?rest_route=\/wp\/v2\/pages\/120\/revisions\/1255"}],"wp:attachment":[{"href":"https:\/\/museambiente.com.ar\/index.php?rest_route=%2Fwp%2Fv2%2Fmedia&parent=120"}],"curies":[{"name":"wp","href":"https:\/\/api.w.org\/{rel}","templated":true}]}}